{"id":4310,"date":"2024-04-24T20:34:55","date_gmt":"2024-04-24T20:34:55","guid":{"rendered":"https:\/\/servismerkezikayit.com\/ardahan\/?page_id=4310"},"modified":"2024-04-24T20:34:55","modified_gmt":"2024-04-24T20:34:55","slug":"ardahan-bosch-kombi-tamircisi","status":"publish","type":"page","link":"https:\/\/servismerkezikayit.com\/ardahan\/ardahan-bosch-kombi-tamircisi\/","title":{"rendered":"Ardahan Bosch Kombi Tamircisi"},"content":{"rendered":"<h1 style=\"text-align: center;\"><span style=\"color: #000080;\"><strong>Ardahan Bosch Kombi Tamircisi<\/strong><\/span><\/h1>\n<h2 style=\"text-align: center;\"><span style=\"color: #000080;\"><strong>Ardahan Bosch Kombi Servisi<\/strong><\/span><\/h2>\n<h3 style=\"text-align: center;\"><span style=\"color: #000080;\"><strong>Ardahan Bosch Kombi Bak\u0131m\u0131<\/strong><\/span><\/h3>\n<h4 style=\"text-align: center;\"><span style=\"color: #000080;\"><strong>Bosch Kombi Petek Temizli\u011fi<\/strong><\/span><\/h4>\n<h2 style=\"text-align: left;\"><span style=\"color: #000000;\">Ardahan Bosch Kombi Tamircisi<\/span><\/h2>\n<p style=\"font-weight: 400;\"><span style=\"color: #000000;\">Ardahan Bosch Kombi Tamircisi<strong>, <\/strong>marka ve modellerinin bak\u0131m ve temizli\u011fi uzman ekibimiz taraf\u0131ndan sa\u011flanmaktad\u0131r. <strong>Ardahan\u2019da Bosch kombi bak\u0131m\u0131 <\/strong>konusunda profesyonel bir \u015fekilde hizmet veren firmam\u0131z uzman kadro ile sunmaktad\u0131r. T\u00fcm marka ve modellerin bak\u0131m\u0131 konusunda uzman ekibimiz y\u0131llar\u0131n verdi\u011fi gerekli tecr\u00fcbeye ve e\u011fitime sahiptir. Kombinin bak\u0131m\u0131n yap\u0131lmas\u0131n\u0131n en b\u00fcy\u00fck avantaj\u0131 enerji tasarrufu sa\u011flamas\u0131d\u0131r.<\/span><\/p>\n<figure id=\"attachment_3150\" aria-describedby=\"caption-attachment-3150\" style=\"width: 300px\" class=\"wp-caption aligncenter\"><img fetchpriority=\"high\" decoding=\"async\" class=\"wp-image-3150 size-medium\" src=\"https:\/\/servismerkezikayit.com\/ardahan\/wp-content\/uploads\/2024\/03\/kombiresim-300x270.png\" alt=\"Ardahan Bosch Kombi Tamircisi\" width=\"300\" height=\"270\" srcset=\"https:\/\/servismerkezikayit.com\/ardahan\/wp-content\/uploads\/2024\/03\/kombiresim-300x270.png 300w, https:\/\/servismerkezikayit.com\/ardahan\/wp-content\/uploads\/2024\/03\/kombiresim-768x690.png 768w, https:\/\/servismerkezikayit.com\/ardahan\/wp-content\/uploads\/2024\/03\/kombiresim-600x539.png 600w, https:\/\/servismerkezikayit.com\/ardahan\/wp-content\/uploads\/2024\/03\/kombiresim.png 800w\" sizes=\"(max-width: 300px) 100vw, 300px\" \/><figcaption id=\"caption-attachment-3150\" class=\"wp-caption-text\">Ardahan Bosch Kombi Tamircisi<\/figcaption><\/figure>\n<p style=\"font-weight: 400;\"><span style=\"color: #000000;\"><strong>Bosch Kombi Bak\u0131m\u0131 Hangi Periyotlarla Yap\u0131lmal\u0131?<\/strong><\/span><\/p>\n<p style=\"font-weight: 400;\"><span style=\"color: #000000;\">Kombinin belirli periyotlarda bak\u0131m\u0131n yap\u0131lmas\u0131n\u0131n bir\u00e7ok avantaj\u0131 bulunuyor. Bunlar aras\u0131nda enerjiyi kaliteli bir \u015fekilde peteklere iletmesi yer al\u0131yor. Bu sayede oda s\u0131cakl\u0131\u011f\u0131 daha kaliteli bir hale gelecektir. Bak\u0131m\u0131n yap\u0131lmas\u0131 olu\u015fabilecek ar\u0131zalar\u0131n ortaya \u00e7\u0131kmas\u0131na da engel olur. Buda maddi a\u00e7\u0131dan en iyi sonucu alman\u0131za yard\u0131mc\u0131 olacakt\u0131r. <strong>Bosch Kombi bak\u0131m servisi <\/strong>hizmet i\u00e7eri\u011fi en ekonomik fiyat politikas\u0131 ile size sunuluyor. Kombinin bak\u0131m\u0131 6 ayda aral\u0131klarla veya en az y\u0131lda bir kez yap\u0131lmal\u0131d\u0131r. Bu sayede etkili bir kullan\u0131m sa\u011flanabilir.<\/span><\/p>\n<figure id=\"attachment_3151\" aria-describedby=\"caption-attachment-3151\" style=\"width: 300px\" class=\"wp-caption aligncenter\"><img decoding=\"async\" class=\"wp-image-3151 size-medium\" src=\"https:\/\/servismerkezikayit.com\/ardahan\/wp-content\/uploads\/2024\/03\/slid1-300x186.jpg\" alt=\"Ardahan Bosch Kombi Tamircisi\" width=\"300\" height=\"186\" srcset=\"https:\/\/servismerkezikayit.com\/ardahan\/wp-content\/uploads\/2024\/03\/slid1-300x186.jpg 300w, https:\/\/servismerkezikayit.com\/ardahan\/wp-content\/uploads\/2024\/03\/slid1.jpg 600w\" sizes=\"(max-width: 300px) 100vw, 300px\" \/><figcaption id=\"caption-attachment-3151\" class=\"wp-caption-text\">Ardahan Bosch Kombi Tamircisi<\/figcaption><\/figure>\n<p style=\"font-weight: 400;\"><span style=\"color: #000000;\"><strong>Kombi Bak\u0131m\u0131n Avantajlar\u0131 Nelerdir?<\/strong><\/span><\/p>\n<ul style=\"font-weight: 400;\">\n<li><span style=\"color: #000000;\">Bak\u0131m\u0131 yap\u0131lan kombi daha g\u00fcvenilir bir \u015fekilde \u00e7al\u0131\u015f\u0131r.<\/span><\/li>\n<li><span style=\"color: #000000;\">Peteklere \u0131s\u0131y\u0131 kaliteli bir \u015fekilde iletilir.<\/span><\/li>\n<li><span style=\"color: #000000;\">Faturan\u0131z\u0131n pozitif oranda etkilenmesine katk\u0131 sa\u011flar.<\/span><\/li>\n<li><span style=\"color: #000000;\">Olas\u0131 ar\u0131zalar\u0131n \u00f6n\u00fcne ge\u00e7menize yard\u0131mc\u0131 olur.<\/span><\/li>\n<li><span style=\"color: #000000;\">Petekleri yormaz ve tasarruflu bir \u00e7al\u0131\u015fma imkan\u0131 sunar.<\/span><\/li>\n<\/ul>\n<p style=\"font-weight: 400;\"><span style=\"color: #000000;\">Bu avantajlar\u0131 sayesinde odan\u0131z\u0131n s\u0131cakl\u0131\u011f\u0131 daha kaliteli olacakt\u0131r. Firmam\u0131z t\u00fcm bak\u0131m hizmetini garantili bir \u015fekilde size sunuyor.<\/span><\/p>\n<figure id=\"attachment_3152\" aria-describedby=\"caption-attachment-3152\" style=\"width: 300px\" class=\"wp-caption aligncenter\"><img decoding=\"async\" class=\"wp-image-3152 size-medium\" src=\"https:\/\/servismerkezikayit.com\/ardahan\/wp-content\/uploads\/2024\/03\/sldr3-300x158.jpg\" alt=\"Ardahan Bosch Kombi Tamircisi\" width=\"300\" height=\"158\" \/><figcaption id=\"caption-attachment-3152\" class=\"wp-caption-text\">Ardahan Bosch Kombi Tamircisi<\/figcaption><\/figure>\n<p style=\"font-weight: 400;\"><span style=\"color: #000000;\"><strong><u>Bosch Kombi <\/u><\/strong><strong><u>Bak\u0131m\u0131n\u0131n \u00d6nemi:<\/u><\/strong><\/span><\/p>\n<ul style=\"font-weight: 400;\">\n<li><span style=\"color: #000000;\">Kombinize bak\u0131m yap\u0131ld\u0131\u011f\u0131nda ar\u0131zalanma olas\u0131l\u0131\u011f\u0131 daha az olur,<\/span><\/li>\n<li><span style=\"color: #000000;\">K\u0131\u015f\u0131n en so\u011fuk zamanlarda a\u015f\u0131r\u0131 kabar\u0131k faturalardan kurtulursunuz,<\/span><\/li>\n<li><span style=\"color: #000000;\">Kombide ar\u0131za masraf\u0131 en aza iner, \u00d6ncelikle <strong>kombi bak\u0131m\u0131n\u0131n<\/strong>, do\u011falgaz tasarrufu yap\u0131lmas\u0131 i\u00e7in de\u011fil, cihaz\u0131n \u00f6mr\u00fc, sa\u011fl\u0131\u011f\u0131m\u0131z can ve mal g\u00fcvenli\u011fimiz a\u00e7\u0131s\u0131ndan \u00f6neminin alt\u0131n\u0131 \u00e7izmemiz gerekir.<\/span><\/li>\n<li><span style=\"color: #000000;\">Kombinize yap\u0131lacak d\u00fczenli bak\u0131m, cihaz\u0131n\u0131z\u0131n ve tesisat\u0131n \u00f6mr\u00fcn\u00fc uzat\u0131r. Bu sayede, verimli \u00e7al\u0131\u015fan kombinin t\u00fcm kapasitesinden yararlanarak yak\u0131t tasarrufu elde edilir.<\/span><\/li>\n<li><span style=\"color: #000000;\">Kombinin, Tesisat\u0131n ve peteklerin \u00f6mr\u00fcn\u00fcn daha uzun olmas\u0131 i\u00e7in; y\u0131lda bir defa kombi bak\u0131m\u0131 yapt\u0131r\u0131lmas\u0131n\u0131 tavsiye ediyoruz.<\/span><\/li>\n<\/ul>\n<p style=\"font-weight: 400;\"><span style=\"color: #000000;\"><strong>Y\u0131ll\u0131k Kombi Bak\u0131m\u0131, Periyodik Kombi Bak\u0131m\u0131nda Yap\u0131lan \u0130\u015flemler Nelerdir?<\/strong><\/span><\/p>\n<ul style=\"font-weight: 400;\">\n<li><span style=\"color: #000000;\">Kombiye ait olan br\u00fcl\u00f6r ve yanma kontrol\u00fc yap\u0131l\u0131r.<\/span><\/li>\n<li><span style=\"color: #000000;\">Birinci \u0131s\u0131 e\u015fanj\u00f6r\u00fc kontrol\u00fc yap\u0131l\u0131r.<\/span><\/li>\n<li><span style=\"color: #000000;\">Kombinin elektronik aksam\u0131 kontrol edilir.<\/span><\/li>\n<li><span style=\"color: #000000;\">Su bas\u0131n\u00e7 ayarlar\u0131n\u0131n kontrol\u00fc yap\u0131l\u0131r.<\/span><\/li>\n<li><span style=\"color: #000000;\">Fan kontrol\u00fc yap\u0131lar,<\/span><\/li>\n<li><span style=\"color: #000000;\">Kalorifer su hatt\u0131nda bulunan pislik tutucu temizlenir.<\/span><\/li>\n<li><span style=\"color: #000000;\">Filtre temizli\u011fi yerine getirilir.<\/span><\/li>\n<li><span style=\"color: #000000;\">Kombinin tamam\u0131 kirlilik y\u00f6n\u00fcnden kontrol edilir.<\/span><\/li>\n<li><span style=\"color: #000000;\">Kombi \u00e7al\u0131\u015ft\u0131r\u0131larak test edilir ve teslim edilir.<\/span><\/li>\n<li><span style=\"color: #000000;\">Kombinin su s\u0131zd\u0131rmazl\u0131\u011f\u0131 kontrol edilir.<\/span><\/li>\n<\/ul>\n<p style=\"font-weight: 400;\"><span style=\"color: #000000;\"><strong>Bosch Kombi Bak\u0131m\u0131 Ne Zaman Yap\u0131lmal\u0131?<\/strong><\/span><\/p>\n<p style=\"font-weight: 400;\"><span style=\"color: #000000;\"><em>Kombinin periyodik bak\u0131m\u0131 i\u00e7in, k\u0131\u015f gelmeden yani sonbaharda veya k\u0131\u015f sezonu sonunda olmak \u00fczere y\u0131lda en az bir kez bak\u0131m yapt\u0131r\u0131lmas\u0131 gerekmektedir.<\/em><\/span><\/p>\n<h2 style=\"text-align: left;\"><span style=\"color: #000000;\">Ardahan Bosch Kombi Tamircisi<\/span><\/h2>\n<p style=\"font-weight: 400;\"><span style=\"color: #000000;\">Ardahan Bosch Kombi Tamircisi olarak Servis Ara\u00e7lar\u0131m\u0131z ile Ardahan\u2019n\u0131n t\u00fcm il\u00e7elerinize kombi teknik servis hizmetimiz vard\u0131r. Her marka kombinin bak\u0131m\u0131 yetkili personelimiz taraf\u0131ndan titizlikle yap\u0131lmaktad\u0131r. T\u00fcm soru g\u00f6r\u00fc\u015f ve \u00f6nerileriniz i\u00e7in bizi 7\/24 arayabilirsiniz.<\/span><\/p>\n<p style=\"font-weight: 400;\"><span style=\"color: #000000;\">Bosch Kombi Tamiri Kimler Taraf\u0131ndan Yap\u0131lmal\u0131d\u0131r?<\/span><\/p>\n<p style=\"font-weight: 400;\"><span style=\"color: #000000;\">Bosch Kombi tamir i\u015flemi ar\u0131za durumu ne olursa olsun uzman m\u00fcdahalesi gerektirmektedir. Bosch Kombide meydana gelen ar\u0131zalar\u0131n tespitinden tutun da ar\u0131zalar\u0131n onar\u0131m a\u015famas\u0131na kadar olan uygulamalar uzman\u0131na b\u0131rak\u0131lmal\u0131d\u0131r.<\/span><\/p>\n<h2 style=\"text-align: left;\"><span style=\"color: #000000;\"><span style=\"vertical-align: inherit;\"><span style=\"vertical-align: inherit;\"><span style=\"vertical-align: inherit;\"><span style=\"vertical-align: inherit;\">Ardahan Bosch Kombi Tamircisi<\/span><\/span><\/span><\/span><\/span><\/h2>\n<p style=\"font-weight: 400;\"><span style=\"color: #000000;\">Uzman ekipler taraf\u0131ndan yap\u0131lacak her t\u00fcr m\u00fcdahale kesin ve garantili \u00e7\u00f6z\u00fcmler i\u00e7ermektedir. Bu y\u00fczden de teknik olarak diyebiliriz ki her zaman Bosch kombinizde meydana gelen ar\u0131za durumlar\u0131n\u0131 \u00f6nemseyin ve kullan\u0131c\u0131 olarak cihaza m\u00fcdahale etmeden i\u015fi uzman\u0131na b\u0131rak\u0131n. Aksi halde sa\u011fl\u0131k sorunlar\u0131 ya\u015fars\u0131n\u0131z ve ya\u015fad\u0131\u011f\u0131n\u0131z sorun \u00e7\u00f6z\u00fcm bulmaman\u0131n yan\u0131 s\u0131ra daha farkl\u0131 boyutlara da ula\u015fabilir.<\/span><\/p>\n<p style=\"font-weight: 400;\"><span style=\"color: #000000;\">Bosch Kombi tamiri , Bosch kombi tamir servisi , Bosch kombi bak\u0131m servisi , Bosch kombi garantili tamiri . Herhangi bir nedenden dolay\u0131 ar\u0131zalanan Bosch kombilerinizin neden dolay\u0131 \u00e7al\u0131\u015fmad\u0131\u011f\u0131 ya da sesler \u00e7\u0131kar\u0131p su s\u0131zd\u0131rd\u0131\u011f\u0131n\u0131n tespit edilmesi i\u00e7in gerekli olan en \u00f6nemli konu, iyi bir servis hizmeti alabilece\u011finiz ekibi bulman\u0131z olacakt\u0131r. Firmam\u0131z\u0131n en iyi \u015fekilde hizmet alabilece\u011finiz elemanlar\u0131 tamir konusunda e\u011fitim alm\u0131\u015f ve \u00e7\u00f6z\u00fclmesi m\u00fcmk\u00fcn olmayan sorunlar s\u00f6z konusu oldu\u011funda yeni bir Bosch kombi al\u0131nmas\u0131 gerekti\u011finizden sizi l\u00fczumsuz masrafa sokmamak i\u00e7in hizmet verir.<\/span><\/p>\n<h3 style=\"text-align: left;\"><span style=\"color: #000000;\"><span style=\"vertical-align: inherit;\"><span style=\"vertical-align: inherit;\"><span style=\"vertical-align: inherit;\"><span style=\"vertical-align: inherit;\">Ardahan Bosch Kombi Tamircisi<\/span><\/span><\/span><\/span><\/span><\/h3>\n<p style=\"font-weight: 400;\"><span style=\"color: #000000;\">Bosch Kombinin tamir edilmesi, kombideki mevcut problemin \u00e7\u00f6z\u00fclmesi i\u00e7in ger\u00e7ekle\u015fir. Herhangi bir sorun oldu\u011funda bunun \u00e7\u00f6z\u00fcm\u00fc i\u00e7in t\u00fcm mekanik ak\u015famlar\u0131n ve e\u011fer varsa borular\u0131n kontrol edilmesi, neden sorun ya\u015fand\u0131\u011f\u0131n\u0131n tespit edilmesi gerekir.<\/span><\/p>\n<p style=\"font-weight: 400;\"><span style=\"color: #000000;\">Bu nedenle <span style=\"color: #800080;\"><a style=\"color: #800080;\" href=\"https:\/\/alorehber.com\"><strong>Bosch kombi tamiri<\/strong><\/a><\/span> bazen kullan\u0131c\u0131n\u0131n bilmedi\u011fi bir\u00e7ok basit kullan\u0131m \u00f6zelli\u011fini kullanamamas\u0131ndan kaynaklanabilmektedir. B\u00f6yle kolay sorunlar\u0131n kullan\u0131c\u0131n\u0131n g\u00f6z\u00fcnde b\u00fcy\u00fcmemesi i\u00e7in telefonda birka\u00e7 sorunun cevab\u0131n\u0131 alarak gerekli \u00e7\u00f6z\u00fcm sa\u011flanm\u0131yorsa, ciddi bir sorun oldu\u011funu d\u00fc\u015f\u00fcnerek hizmet vermekteyiz.<\/span><\/p>\n<p style=\"font-weight: 400;\"><span style=\"color: #000000;\">Bosch Kombiniz \u00e7al\u0131\u015fm\u0131yorsa, sigortalar\u0131 ve gaz ak\u0131\u015f\u0131n\u0131 kontrol ederek kapal\u0131 olup olmad\u0131klar\u0131n\u0131 tespit etmeniz gerekir. E\u011fer kapal\u0131ysa a\u00e7t\u0131\u011f\u0131n\u0131zda sorun kalmayacakt\u0131r. Ancak kombinizin a\u00e7\u0131l\u0131p kapanmas\u0131 d\u0131\u015f\u0131nda kaloriferlerin ve suyun \u0131s\u0131nmamas\u0131, herhangi bir yerinden su ak\u0131tmas\u0131, ses ve gaz kokusu duyulmas\u0131 durumunda bizimle ileti\u015fime ge\u00e7erek <span style=\"color: #800080;\"><a style=\"color: #800080;\" href=\"https:\/\/servismerkezikayit.com\/ardahan\/\"><strong>Bosch kombi tamircisi<\/strong><\/a><\/span> talebinde bulunabilirsiniz.<\/span><\/p>\n","protected":false},"excerpt":{"rendered":"<p>Ardahan Bosch Kombi Tamircisi Ardahan Bosch Kombi Servisi Ardahan Bosch Kombi Bak\u0131m\u0131 Bosch Kombi Petek Temizli\u011fi Ardahan Bosch Kombi Tamircisi Ardahan Bosch Kombi Tamircisi, marka ve modellerinin bak\u0131m ve temizli\u011fi uzman ekibimiz taraf\u0131ndan sa\u011flanmaktad\u0131r. Ardahan\u2019da Bosch kombi bak\u0131m\u0131 konusunda profesyonel bir \u015fekilde hizmet veren firmam\u0131z uzman kadro ile sunmaktad\u0131r. T\u00fcm marka ve modellerin bak\u0131m\u0131 konusunda&#8230;<\/p>\n","protected":false},"author":1,"featured_media":3150,"parent":0,"menu_order":0,"comment_status":"closed","ping_status":"closed","template":"","meta":{"_monsterinsights_skip_tracking":false,"_monsterinsights_sitenote_active":false,"_monsterinsights_sitenote_note":"","_monsterinsights_sitenote_category":0,"footnotes":""},"class_list":["post-4310","page","type-page","status-publish","has-post-thumbnail","hentry","page--item"],"aioseo_notices":[],"_links":{"self":[{"href":"https:\/\/servismerkezikayit.com\/ardahan\/wp-json\/wp\/v2\/pages\/4310","targetHints":{"allow":["GET"]}}],"collection":[{"href":"https:\/\/servismerkezikayit.com\/ardahan\/wp-json\/wp\/v2\/pages"}],"about":[{"href":"https:\/\/servismerkezikayit.com\/ardahan\/wp-json\/wp\/v2\/types\/page"}],"author":[{"embeddable":true,"href":"https:\/\/servismerkezikayit.com\/ardahan\/wp-json\/wp\/v2\/users\/1"}],"replies":[{"embeddable":true,"href":"https:\/\/servismerkezikayit.com\/ardahan\/wp-json\/wp\/v2\/comments?post=4310"}],"version-history":[{"count":1,"href":"https:\/\/servismerkezikayit.com\/ardahan\/wp-json\/wp\/v2\/pages\/4310\/revisions"}],"predecessor-version":[{"id":4321,"href":"https:\/\/servismerkezikayit.com\/ardahan\/wp-json\/wp\/v2\/pages\/4310\/revisions\/4321"}],"wp:featuredmedia":[{"embeddable":true,"href":"https:\/\/servismerkezikayit.com\/ardahan\/wp-json\/wp\/v2\/media\/3150"}],"wp:attachment":[{"href":"https:\/\/servismerkezikayit.com\/ardahan\/wp-json\/wp\/v2\/media?parent=4310"}],"curies":[{"name":"wp","href":"https:\/\/api.w.org\/{rel}","templated":true}]}}