{"id":3320,"date":"2024-04-05T18:41:51","date_gmt":"2024-04-05T18:41:51","guid":{"rendered":"https:\/\/servismerkezikayit.com\/ardahan\/?page_id=3320"},"modified":"2024-04-05T18:41:51","modified_gmt":"2024-04-05T18:41:51","slug":"ardahan-tcl-klima-servisi","status":"publish","type":"page","link":"https:\/\/servismerkezikayit.com\/ardahan\/ardahan-tcl-klima-servisi\/","title":{"rendered":"Ardahan TCL Klima Servisi"},"content":{"rendered":"<h1 style=\"text-align: center;\"><span style=\"color: #000080;\">Ardahan TCL Klima Servisi<\/span><\/h1>\n<h2 style=\"text-align: center;\"><span style=\"color: #000080;\">TCL Klima Servisi<\/span><\/h2>\n<h3 style=\"text-align: center;\"><span style=\"color: #000080;\">Ardahan TCL Servisi<\/span><\/h3>\n<p><a href=\"https:\/\/servismerkezikayit.com\/ardahan\/\">Ardahan TCL Klima servisi<\/a>, Ardahan TCL Klima Tamircisi olarak Ardahan b\u00f6lgesinin her k\u00f6\u015fesine hizmet sa\u011flamaktay\u0131z. T\u00fcm TCL klima sorunlar\u0131na profesyonel ekibi ile hizmet veren Ardahan TCL klima bak\u0131m servisi firmam\u0131z m\u00fc\u015fteri kitlesini her ge\u00e7en g\u00fcn artt\u0131rmaktad\u0131r. T\u00fcketicilerine sundu\u011fu kaliteli ve kusursuz hizmeti m\u00fc\u015fterilerine sunan firmam\u0131z kuruldu\u011fu ilk g\u00fcnden beri s\u00fcrekli olarak m\u00fc\u015fteri odakl\u0131 hedefler do\u011frultusunda \u00e7al\u0131\u015fmaktad\u0131r.<\/p>\n<figure id=\"attachment_856\" class=\"wp-caption aligncenter\" aria-describedby=\"caption-attachment-856\">\n<p><figure id=\"attachment_3125\" aria-describedby=\"caption-attachment-3125\" style=\"width: 478px\" class=\"wp-caption aligncenter\"><img fetchpriority=\"high\" decoding=\"async\" class=\"wp-image-3125 \" src=\"https:\/\/servismerkezikayit.com\/ardahan\/wp-content\/uploads\/2024\/03\/hvac-maintenance-services-1.jpg\" alt=\"Ardahan TCL Klima Servisi\" width=\"478\" height=\"280\" srcset=\"https:\/\/servismerkezikayit.com\/ardahan\/wp-content\/uploads\/2024\/03\/hvac-maintenance-services-1.jpg 1024w, https:\/\/servismerkezikayit.com\/ardahan\/wp-content\/uploads\/2024\/03\/hvac-maintenance-services-1-300x176.jpg 300w, https:\/\/servismerkezikayit.com\/ardahan\/wp-content\/uploads\/2024\/03\/hvac-maintenance-services-1-768x450.jpg 768w, https:\/\/servismerkezikayit.com\/ardahan\/wp-content\/uploads\/2024\/03\/hvac-maintenance-services-1-600x352.jpg 600w\" sizes=\"(max-width: 478px) 100vw, 478px\" \/><figcaption id=\"caption-attachment-3125\" class=\"wp-caption-text\">Ardahan TCL Klima Servisi<\/figcaption><\/figure><figcaption id=\"caption-attachment-856\" class=\"wp-caption-text\">\n<h2><span style=\"color: #000080;\">Ardahan TCL Klima Servisi<\/span><\/h2>\n<\/figcaption><\/figure>\n<p>Ardahan TCL Klima tamircisi aray\u0131\u015flar\u0131n\u0131zda size uygun h\u0131zl\u0131 servis ve fiyat imkan\u0131 sunan Ardahan TCL Klima \u00d6zel Servisi alan\u0131nda usta klima tamir personeli ile hizmet vermektedir. Firmam\u0131z taraf\u0131ndan tamiri yap\u0131lan klimalar garanti kapsam\u0131ndad\u0131r.<\/p>\n<p>TCL Klima teknik servis olarak m\u00fc\u015fterilerin memnuniyetini sundu\u011fu hizmet ile sa\u011flayan firmam\u0131z minimum fiyatlar sunarak t\u00fcketicilerinin b\u00fct\u00e7esine katk\u0131da bulunmaktad\u0131r.<\/p>\n<p>TCL Yedek par\u00e7a tedarik hizmeti t\u00fcm marka klimalarda ge\u00e7erlidir. Ayn\u0131 g\u00fcn servis imkan\u0131 sunmaktay\u0131z. T\u00fcm klimalar ve so\u011futma sistemlerinde klima ustalar\u0131m\u0131zdan yard\u0131m alabilirsiniz. TCL Klima servisi sekt\u00f6r\u00fcnde olduk\u00e7a fazla ba\u015far\u0131lara imza atan firmam\u0131z lider firmalar aras\u0131nda yer almaktad\u0131r ve sekt\u00f6r\u00fc i\u00e7inde kendine farkl\u0131 bir yer edinmektedir.<\/p>\n<h2><span style=\"color: #000080;\">Ardahan TCL Klima Servisi<\/span><\/h2>\n<p>TCL Klima s\u00f6kme takma yer de\u011fi\u015ftirme i\u015flemleri kusursuz olarak yap\u0131lmaktad\u0131r. Evinizde bulunan klimalar\u0131n yer de\u011fi\u015fimi i\u015flemleri k\u0131sa s\u00fcre i\u00e7erisinde ger\u00e7ekle\u015fmektedir. TCL Klima s\u00f6kme takma fiyatlar\u0131 %30 indirimlidir. Klima Servis Firmam\u0131zdan Garantili Servis Hizmeti Al\u0131n !<\/p>\n<figure id=\"attachment_2170\" aria-describedby=\"caption-attachment-2170\" style=\"width: 300px\" class=\"wp-caption aligncenter\"><img decoding=\"async\" class=\"wp-image-2170 size-medium\" src=\"https:\/\/servismerkezikayit.com\/ardahan\/wp-content\/uploads\/2023\/08\/gallery_4_5-300x270.jpg\" alt=\"Ardahan TCL Klima Servisi\" width=\"300\" height=\"270\" srcset=\"https:\/\/servismerkezikayit.com\/ardahan\/wp-content\/uploads\/2023\/08\/gallery_4_5-300x270.jpg 300w, https:\/\/servismerkezikayit.com\/ardahan\/wp-content\/uploads\/2023\/08\/gallery_4_5.jpg 444w\" sizes=\"(max-width: 300px) 100vw, 300px\" \/><figcaption id=\"caption-attachment-2170\" class=\"wp-caption-text\">Ardahan TCL Klima Servisi<\/figcaption><\/figure>\n<p>Ardahan TCL Klima S\u00f6kme ve Takma , Ardahan TCL Klima Montaj\u0131, Ardahan TCL Klima Gaz Dolumu ayn\u0131 zamanda yeni klima almak isteyen m\u00fc\u015fterilerine yerinde ke\u015fif hizmeti sunarak hangi alana hangi model ve b\u00fcy\u00fckl\u00fckte bir kliman\u0131n kullan\u0131lmas\u0131 gerekti\u011fi konusunda bilgilendirmeler yaparak en ekonomik ve uygun \u00e7\u00f6z\u00fcm \u00f6nerileri sunar. Ardahan TCL Klima Servisi t\u00fcm hizmetleri esnas\u0131nda m\u00fc\u015fteri memnuniyetini \u00f6n planda tutarak hizmet vermektedir.<\/p>\n<p>Uzun s\u00fcreli kullan\u0131mlar sonucunda klimalar\u0131n filtreleri tozlarla t\u0131kan\u0131r, gaz ayarlar\u0131 bozulur ve bunun sonucunda kliman\u0131zdan ho\u015f olmayan kokular yay\u0131l\u0131r. Bu durum hem sa\u011fl\u0131\u011f\u0131n\u0131z i\u00e7in olumsuz sonu\u00e7lar do\u011furur hem de kliman\u0131z\u0131n verimli \u00e7al\u0131\u015fmas\u0131na engel olarak bir s\u00fcre sonra ar\u0131za vermesine sebep verebilir. T\u0131kanan ve \u00e7al\u0131\u015f\u0131rken zorlanan cihaz daha fazla enerji t\u00fcketerek y\u00fcksek tutarda elektrik faturalar\u0131na neden olur.<\/p>\n<p><a href=\"https:\/\/alorehber.com\" target=\"_blank\" rel=\"nofollow noopener\">Ardahan TCL Klima Servisi<\/a>\u2019ne ula\u015farak kliman\u0131z\u0131n rutin bak\u0131mlar\u0131n\u0131 yapt\u0131rman\u0131z halinde bu problemlerin hi\u00e7biri ile kar\u015f\u0131la\u015fmaz ve cihaz\u0131n\u0131z\u0131 uzun y\u0131llar boyunca g\u00f6n\u00fcl rahatl\u0131\u011f\u0131 ile kullanabilirsiniz. TCL Klima Servisi \u00e7at\u0131s\u0131 alt\u0131nda bulunan personelimizin her biri ki\u015fi haklar\u0131na sayg\u0131l\u0131 ve m\u00fc\u015fteri memnuniyetini g\u00f6zeten bireyler olup yapt\u0131klar\u0131 i\u015flemlerin s\u00fcrekli takip\u00e7isidirler.<\/p>\n<figure id=\"attachment_1127\" aria-describedby=\"caption-attachment-1127\" style=\"width: 290px\" class=\"wp-caption aligncenter\"><img decoding=\"async\" class=\"wp-image-1127 size-medium\" src=\"https:\/\/servismerkezikayit.com\/ardahan\/wp-content\/uploads\/2023\/04\/project_3_5-290x300.jpg\" alt=\"Ardahan TCL Klima Servisi\" width=\"290\" height=\"300\" srcset=\"https:\/\/servismerkezikayit.com\/ardahan\/wp-content\/uploads\/2023\/04\/project_3_5-290x300.jpg 290w, https:\/\/servismerkezikayit.com\/ardahan\/wp-content\/uploads\/2023\/04\/project_3_5.jpg 386w\" sizes=\"(max-width: 290px) 100vw, 290px\" \/><figcaption id=\"caption-attachment-1127\" class=\"wp-caption-text\">Ardahan TCL Klima Servisi<\/figcaption><\/figure>\n<h3><span style=\"color: #000080;\">Ardahan TCL Klima Servisi<\/span><\/h3>\n<p>Ardahan TCL Klima Servisi olarak S\u00f6kme ve Takma , TCL Klima Montaj\u0131, TCL Klima Gaz Dolumu ayn\u0131 zamanda yeni klima almak isteyen m\u00fc\u015fterilerine yerinde ke\u015fif hizmeti sunarak hangi alana hangi model ve b\u00fcy\u00fckl\u00fckte bir kliman\u0131n kullan\u0131lmas\u0131 gerekti\u011fi konusunda bilgilendirmeler yaparak en ekonomik ve uygun \u00e7\u00f6z\u00fcm \u00f6nerileri sunar. Ardahan TCL Klima Servisi t\u00fcm hizmetleri esnas\u0131nda m\u00fc\u015fteri memnuniyetini \u00f6n planda tutarak hizmet vermektedir.<\/p>\n<div>Ardahan TCL Klima Yedek par\u00e7a tedarik hizmeti t\u00fcm marka klimalarda ge\u00e7erlidir. Ayn\u0131 g\u00fcn servis imkan\u0131 sunmaktay\u0131z. T\u00fcm klimalar ve so\u011futma sistemlerinde klima ustalar\u0131m\u0131zdan yard\u0131m alabilirsiniz. TCL Klimalar\u0131n\u0131z Hata Kodu veriyorsa Hemen Uzman Ekibimiz ile ileti\u015fime ge\u00e7ebilirsiniz. Ardahan TCL Klima servisi sekt\u00f6r\u00fcnde olduk\u00e7a fazla ba\u015far\u0131lara imza atan firmam\u0131z lider firmalar aras\u0131nda yer almaktad\u0131r ve sekt\u00f6r\u00fc i\u00e7inde kendine farkl\u0131 bir yer edinmektedir.<\/div>\n<h4><span style=\"color: #000080;\">Ardahan TCL Klima Servisi<\/span><\/h4>\n<div>\n<p>TCL Klima Bak\u0131m\u0131 ve Temizlemeyi;<\/p>\n<p>Sa\u011fl\u0131\u011f\u0131n\u0131z i\u00e7in klima bak\u0131m\u0131 yapt\u0131rmal\u0131s\u0131n\u0131z.<br \/>\nKonforunuzu sa\u011flaman\u0131z ve koruman\u0131z i\u00e7in klima bak\u0131m\u0131 yapt\u0131rmal\u0131s\u0131n\u0131z.<br \/>\nBir\u00e7ok hastal\u0131ktan korunman\u0131z i\u00e7in klima bak\u0131m\u0131 yapt\u0131rmal\u0131s\u0131n\u0131z.<br \/>\nK\u00f6t\u00fc koku, polen ve bakterilerden ar\u0131nm\u0131\u015f temiz bir hava soluman\u0131z i\u00e7in klima bak\u0131m\u0131 yapt\u0131rmal\u0131s\u0131n\u0131z.<br \/>\n\u00d6mr\u00fcn\u00fc uzatman\u0131z i\u00e7in klima bak\u0131m\u0131 yapt\u0131rmal\u0131s\u0131n\u0131z.<br \/>\nHi\u00e7 ummad\u0131\u011f\u0131n\u0131z ve ihtiyac\u0131n\u0131z oldu\u011fu bir anda devre d\u0131\u015f\u0131 kalmamas\u0131 i\u00e7in klima bak\u0131m\u0131 yapt\u0131rmal\u0131s\u0131n\u0131z.<br \/>\nEnerji tasarrufu sa\u011flamak i\u00e7in klima bak\u0131m\u0131 yapt\u0131rmal\u0131s\u0131n\u0131z.<\/p>\n<\/div>\n","protected":false},"excerpt":{"rendered":"<p>Ardahan TCL Klima Servisi TCL Klima Servisi Ardahan TCL Servisi Ardahan TCL Klima servisi, Ardahan TCL Klima Tamircisi olarak Ardahan b\u00f6lgesinin her k\u00f6\u015fesine hizmet sa\u011flamaktay\u0131z. T\u00fcm TCL klima sorunlar\u0131na profesyonel ekibi ile hizmet veren Ardahan TCL klima bak\u0131m servisi firmam\u0131z m\u00fc\u015fteri kitlesini her ge\u00e7en g\u00fcn artt\u0131rmaktad\u0131r. T\u00fcketicilerine sundu\u011fu kaliteli ve kusursuz hizmeti m\u00fc\u015fterilerine sunan firmam\u0131z&#8230;<\/p>\n","protected":false},"author":1,"featured_media":3125,"parent":0,"menu_order":0,"comment_status":"closed","ping_status":"closed","template":"","meta":{"_monsterinsights_skip_tracking":false,"_monsterinsights_sitenote_active":false,"_monsterinsights_sitenote_note":"","_monsterinsights_sitenote_category":0,"footnotes":""},"class_list":["post-3320","page","type-page","status-publish","has-post-thumbnail","hentry","page--item"],"aioseo_notices":[],"_links":{"self":[{"href":"https:\/\/servismerkezikayit.com\/ardahan\/wp-json\/wp\/v2\/pages\/3320","targetHints":{"allow":["GET"]}}],"collection":[{"href":"https:\/\/servismerkezikayit.com\/ardahan\/wp-json\/wp\/v2\/pages"}],"about":[{"href":"https:\/\/servismerkezikayit.com\/ardahan\/wp-json\/wp\/v2\/types\/page"}],"author":[{"embeddable":true,"href":"https:\/\/servismerkezikayit.com\/ardahan\/wp-json\/wp\/v2\/users\/1"}],"replies":[{"embeddable":true,"href":"https:\/\/servismerkezikayit.com\/ardahan\/wp-json\/wp\/v2\/comments?post=3320"}],"version-history":[{"count":2,"href":"https:\/\/servismerkezikayit.com\/ardahan\/wp-json\/wp\/v2\/pages\/3320\/revisions"}],"predecessor-version":[{"id":3398,"href":"https:\/\/servismerkezikayit.com\/ardahan\/wp-json\/wp\/v2\/pages\/3320\/revisions\/3398"}],"wp:featuredmedia":[{"embeddable":true,"href":"https:\/\/servismerkezikayit.com\/ardahan\/wp-json\/wp\/v2\/media\/3125"}],"wp:attachment":[{"href":"https:\/\/servismerkezikayit.com\/ardahan\/wp-json\/wp\/v2\/media?parent=3320"}],"curies":[{"name":"wp","href":"https:\/\/api.w.org\/{rel}","templated":true}]}}