{"id":3265,"date":"2024-04-01T21:43:29","date_gmt":"2024-04-01T21:43:29","guid":{"rendered":"https:\/\/servismerkezikayit.com\/ardahan\/?page_id=3265"},"modified":"2024-04-01T21:43:29","modified_gmt":"2024-04-01T21:43:29","slug":"ardahan-beko-camasir-makinesi-tamircisi","status":"publish","type":"page","link":"https:\/\/servismerkezikayit.com\/ardahan\/ardahan-beko-camasir-makinesi-tamircisi\/","title":{"rendered":"Ardahan Beko \u00c7ama\u015f\u0131r Makinesi Tamircisi"},"content":{"rendered":"<h1 style=\"text-align: center;\"><span style=\"color: #000080;\">Ardahan Beko \u00c7ama\u015f\u0131r Makinesi Tamircisi<\/span><\/h1>\n<h2 style=\"text-align: center;\"><span style=\"color: #000080;\">Ardahan Beko \u00c7ama\u015f\u0131r Makinesi Servisi<\/span><\/h2>\n<h3 style=\"text-align: center;\"><span style=\"color: #000080;\">Beko \u00c7ama\u015f\u0131r Makinesi Tamiri<\/span><\/h3>\n<h2 style=\"text-align: left;\"><span style=\"color: #000080;\">Ardahan Beko \u00c7ama\u015f\u0131r Makinesi Tamircisi<\/span><\/h2>\n<p>Ardahan Beko \u00c7ama\u015f\u0131r Makinesi Tamircisi, g\u00fcn\u00fcm\u00fcz\u00fcn yo\u011fun ya\u015fam tarz\u0131, \u00e7ama\u015f\u0131r makinelerinin g\u00fcnl\u00fck hayatta vazge\u00e7ilmez bir par\u00e7as\u0131 haline gelmesine neden olmu\u015ftur. Bu cihazlar, kirli \u00e7ama\u015f\u0131rlar\u0131m\u0131z\u0131 temizlemek i\u00e7in gerekli olan zaman\u0131 ve \u00e7abay\u0131 b\u00fcy\u00fck \u00f6l\u00e7\u00fcde azalt\u0131r. Ancak, zamanla kullan\u0131m ve a\u015f\u0131nma nedeniyle \u00e7ama\u015f\u0131r makineleri ar\u0131zalanabilir ve verimliliklerini kaybedebilir. \u0130\u015fte bu noktada, \u00e7ama\u015f\u0131r makinesi servisi devreye girer.<\/p>\n<figure id=\"attachment_3192\" aria-describedby=\"caption-attachment-3192\" style=\"width: 500px\" class=\"wp-caption aligncenter\"><img fetchpriority=\"high\" decoding=\"async\" class=\"wp-image-3192 size-full\" src=\"https:\/\/servismerkezikayit.com\/ardahan\/wp-content\/uploads\/2024\/03\/Beyaz-Esya-Servisi-1.jpg\" alt=\"Ardahan Beko \u00c7ama\u015f\u0131r Makinesi Tamircisi\" width=\"500\" height=\"317\" srcset=\"https:\/\/servismerkezikayit.com\/ardahan\/wp-content\/uploads\/2024\/03\/Beyaz-Esya-Servisi-1.jpg 500w, https:\/\/servismerkezikayit.com\/ardahan\/wp-content\/uploads\/2024\/03\/Beyaz-Esya-Servisi-1-300x190.jpg 300w\" sizes=\"(max-width: 500px) 100vw, 500px\" \/><figcaption id=\"caption-attachment-3192\" class=\"wp-caption-text\">Ardahan Beko \u00c7ama\u015f\u0131r Makinesi Tamircisi<\/figcaption><\/figure>\n<h2><span style=\"color: #000080;\"><strong>Beko \u00c7ama\u015f\u0131r Makinesi Ar\u0131zas\u0131<\/strong><\/span><\/h2>\n<p>Bir\u00e7ok kullan\u0131c\u0131, \u00e7ama\u015f\u0131r makinesinin ar\u0131zalanma belirtilerini g\u00f6z ard\u0131 eder veya k\u00fc\u00e7\u00fck sorunlarla u\u011fra\u015fmaktan ka\u00e7\u0131n\u0131r. Ancak, k\u00fc\u00e7\u00fck bir sorun, zamanla daha b\u00fcy\u00fck ve daha pahal\u0131 bir ar\u0131zaya d\u00f6n\u00fc\u015febilir. <a href=\"https:\/\/servismerkezikayit.com\/ardahan\/\">Ardahan Beko \u00c7ama\u015f\u0131r Makinesi Tamircisi<\/a>, Beko \u00c7ama\u015f\u0131r makinesinin ar\u0131zalanma belirtileri aras\u0131nda su s\u0131z\u0131nt\u0131s\u0131, garip sesler, dengesiz d\u00f6nme ve program\u0131n do\u011fru \u00e7al\u0131\u015fmamas\u0131 gibi durumlar bulunabilir. Bu t\u00fcr belirtilerle kar\u015f\u0131la\u015f\u0131ld\u0131\u011f\u0131nda, bir \u00e7ama\u015f\u0131r makinesi servisinden yard\u0131m almak \u00f6nemlidir. \u00d6te yandan, \u00e7ama\u015f\u0131r makinesinin d\u00fczenli bak\u0131m\u0131 da \u00f6nemlidir.<\/p>\n<figure id=\"attachment_3191\" aria-describedby=\"caption-attachment-3191\" style=\"width: 365px\" class=\"wp-caption aligncenter\"><img decoding=\"async\" class=\"wp-image-3191\" src=\"https:\/\/servismerkezikayit.com\/ardahan\/wp-content\/uploads\/2024\/03\/beyazesya1-300x300.png\" alt=\"Ardahan Beko \u00c7ama\u015f\u0131r Makinesi Tamircisi\" width=\"365\" height=\"365\" srcset=\"https:\/\/servismerkezikayit.com\/ardahan\/wp-content\/uploads\/2024\/03\/beyazesya1-300x300.png 300w, https:\/\/servismerkezikayit.com\/ardahan\/wp-content\/uploads\/2024\/03\/beyazesya1-150x150.png 150w, https:\/\/servismerkezikayit.com\/ardahan\/wp-content\/uploads\/2024\/03\/beyazesya1-85x85.png 85w, https:\/\/servismerkezikayit.com\/ardahan\/wp-content\/uploads\/2024\/03\/beyazesya1-80x80.png 80w, https:\/\/servismerkezikayit.com\/ardahan\/wp-content\/uploads\/2024\/03\/beyazesya1-100x100.png 100w, https:\/\/servismerkezikayit.com\/ardahan\/wp-content\/uploads\/2024\/03\/beyazesya1.png 400w\" sizes=\"(max-width: 365px) 100vw, 365px\" \/><figcaption id=\"caption-attachment-3191\" class=\"wp-caption-text\">Ardahan Beko \u00c7ama\u015f\u0131r Makinesi Tamircisi<\/figcaption><\/figure>\n<h2 style=\"text-align: left;\"><span style=\"color: #000080;\">Ardahan Beko \u00c7ama\u015f\u0131r Makinesi Tamircisi<\/span><\/h2>\n<p>D\u00fczenli bak\u0131m, cihaz\u0131n \u00f6mr\u00fcn\u00fc uzat\u0131r ve ar\u0131zalar\u0131 \u00f6nler. Bak\u0131m rutini, tambur temizli\u011fi, filtre temizli\u011fi, conta kontrol\u00fc, su giri\u015f hortumu kontrol\u00fc ve elektrik ba\u011flant\u0131lar\u0131n\u0131n g\u00f6zden ge\u00e7irilmesi gibi i\u015flemleri i\u00e7erir. Bu bak\u0131m ad\u0131mlar\u0131n\u0131n d\u00fczenli olarak yap\u0131lmas\u0131, \u00e7ama\u015f\u0131r makinesinin daha verimli \u00e7al\u0131\u015fmas\u0131n\u0131 sa\u011flar ve beklenmedik ar\u0131zalar\u0131 \u00f6nler.<\/p>\n<h2 style=\"text-align: left;\"><span style=\"color: #000080;\">Ardahan Beko \u00c7ama\u015f\u0131r Makinesi Tamircisi<\/span><\/h2>\n<p><a href=\"https:\/\/alorehber.com\">Ardahan Beko \u00c7ama\u015f\u0131r Tamircisi <\/a>ar\u0131zalar\u0131yla ba\u015fa \u00e7\u0131kmak i\u00e7in profesyonel bir servis ekibiyle \u00e7al\u0131\u015fmak, en g\u00fcvenilir ve etkili \u00e7\u00f6z\u00fcmd\u00fcr. Yetkili servis ekipleri, e\u011fitimli teknisyenlerden olu\u015fur ve \u00e7e\u015fitli marka ve modellerdeki \u00e7ama\u015f\u0131r makinelerinin onar\u0131m\u0131 konusunda uzmanla\u015fm\u0131\u015ft\u0131r. Ayr\u0131ca, orijinal yedek par\u00e7a kullanarak kaliteli bir onar\u0131m sa\u011flarlar.<\/p>\n<p>Ardahan Profesyonel bir \u00e7ama\u015f\u0131r makinesi servisi, ar\u0131zay\u0131 do\u011fru bir \u015fekilde te\u015fhis eder ve uygun onar\u0131mlar\u0131 yapar. Ayr\u0131ca, d\u00fczenli bak\u0131m hizmetleri sunarak cihaz\u0131n uzun \u00f6m\u00fcrl\u00fc olmas\u0131n\u0131 sa\u011flarlar.<\/p>\n<h2 style=\"text-align: left;\"><span style=\"color: #000080;\">Ardahan Beko \u00c7ama\u015f\u0131r Makinesi Tamircisi<\/span><\/h2>\n<p>Ardahan Beko \u00c7ama\u015f\u0131r makinesi tamircisi, \u00e7ama\u015f\u0131r makinelerinin verimli \u00e7al\u0131\u015fmas\u0131n\u0131 sa\u011flamak ve ar\u0131zalar\u0131 \u00f6nlemek i\u00e7in \u00f6nemlidir. Ar\u0131zalar\u0131 h\u0131zl\u0131 ve etkili bir \u015fekilde \u00e7\u00f6zmek i\u00e7in profesyonel bir servis ekibiyle \u00e7al\u0131\u015fmak, kullan\u0131c\u0131lar\u0131n \u00e7ama\u015f\u0131r makinesinden en iyi performans\u0131 almas\u0131n\u0131 sa\u011flar. Ayr\u0131ca, d\u00fczenli bak\u0131m\u0131n yap\u0131lmas\u0131, cihaz\u0131n \u00f6mr\u00fcn\u00fc uzat\u0131r ve beklenmedik ar\u0131zalar\u0131n \u00f6nlenmesine yard\u0131mc\u0131 olur.<\/p>\n","protected":false},"excerpt":{"rendered":"<p>Ardahan Beko \u00c7ama\u015f\u0131r Makinesi Tamircisi Ardahan Beko \u00c7ama\u015f\u0131r Makinesi Servisi Beko \u00c7ama\u015f\u0131r Makinesi Tamiri Ardahan Beko \u00c7ama\u015f\u0131r Makinesi Tamircisi Ardahan Beko \u00c7ama\u015f\u0131r Makinesi Tamircisi, g\u00fcn\u00fcm\u00fcz\u00fcn yo\u011fun ya\u015fam tarz\u0131, \u00e7ama\u015f\u0131r makinelerinin g\u00fcnl\u00fck hayatta vazge\u00e7ilmez bir par\u00e7as\u0131 haline gelmesine neden olmu\u015ftur. Bu cihazlar, kirli \u00e7ama\u015f\u0131rlar\u0131m\u0131z\u0131 temizlemek i\u00e7in gerekli olan zaman\u0131 ve \u00e7abay\u0131 b\u00fcy\u00fck \u00f6l\u00e7\u00fcde azalt\u0131r. Ancak, zamanla&#8230;<\/p>\n","protected":false},"author":1,"featured_media":3192,"parent":0,"menu_order":0,"comment_status":"closed","ping_status":"closed","template":"","meta":{"_monsterinsights_skip_tracking":false,"_monsterinsights_sitenote_active":false,"_monsterinsights_sitenote_note":"","_monsterinsights_sitenote_category":0,"footnotes":""},"class_list":["post-3265","page","type-page","status-publish","has-post-thumbnail","hentry","page--item"],"aioseo_notices":[],"_links":{"self":[{"href":"https:\/\/servismerkezikayit.com\/ardahan\/wp-json\/wp\/v2\/pages\/3265","targetHints":{"allow":["GET"]}}],"collection":[{"href":"https:\/\/servismerkezikayit.com\/ardahan\/wp-json\/wp\/v2\/pages"}],"about":[{"href":"https:\/\/servismerkezikayit.com\/ardahan\/wp-json\/wp\/v2\/types\/page"}],"author":[{"embeddable":true,"href":"https:\/\/servismerkezikayit.com\/ardahan\/wp-json\/wp\/v2\/users\/1"}],"replies":[{"embeddable":true,"href":"https:\/\/servismerkezikayit.com\/ardahan\/wp-json\/wp\/v2\/comments?post=3265"}],"version-history":[{"count":1,"href":"https:\/\/servismerkezikayit.com\/ardahan\/wp-json\/wp\/v2\/pages\/3265\/revisions"}],"predecessor-version":[{"id":3270,"href":"https:\/\/servismerkezikayit.com\/ardahan\/wp-json\/wp\/v2\/pages\/3265\/revisions\/3270"}],"wp:featuredmedia":[{"embeddable":true,"href":"https:\/\/servismerkezikayit.com\/ardahan\/wp-json\/wp\/v2\/media\/3192"}],"wp:attachment":[{"href":"https:\/\/servismerkezikayit.com\/ardahan\/wp-json\/wp\/v2\/media?parent=3265"}],"curies":[{"name":"wp","href":"https:\/\/api.w.org\/{rel}","templated":true}]}}